{"id":89895,"date":"2023-02-12T19:08:21","date_gmt":"2023-02-12T19:08:21","guid":{"rendered":"https:\/\/guilhemlacaze.com\/privacy-policy\/"},"modified":"2023-02-12T19:08:21","modified_gmt":"2023-02-12T19:08:21","slug":"privacy-policy","status":"publish","type":"page","link":"https:\/\/guilhemlacaze.com\/en\/privacy-policy\/","title":{"rendered":"Privacy Policy"},"content":{"rendered":"<div class=\"wpb-content-wrapper\">[vc_row][vc_column][vc_column_text uncode_shortcode_id=&#8221;141990&#8243;]\n<p><span class=\"font-175345\"><\/p>\n&#13;\n<h2 class=\"wp-block-heading\"><span class=\"font-175345\">Who are we?<\/span><\/h2>&#13;\n<p><span class=\"font-175345\">Guilhem LACAZE (&#8220;nous&#8221;, &#8220;notre&#8221;, ou &#8220;nos&#8221;) exploite le site web www.guilhemlacaze.com (le &#8220;Service&#8221;).<\/span><\/p>&#13;\n<p><span class=\"font-175345\">Cette page vous informe de nos politiques concernant la collecte, l&#8217;utilisation et la divulgation des donn\u00e9es personnelles lorsque vous utilisez notre Service et des choix que vous avez associ\u00e9s \u00e0 ces donn\u00e9es.<\/span><\/p>&#13;\n<p><span class=\"font-175345\">Nous utilisons vos donn\u00e9es pour fournir et am\u00e9liorer le Service. En utilisant le Service, vous acceptez la collecte et l&#8217;utilisation des informations conform\u00e9ment \u00e0 la pr\u00e9sente politique. Sauf d\u00e9finition contraire dans la pr\u00e9sente politique de confidentialit\u00e9, les termes utilis\u00e9s dans la pr\u00e9sente politique de confidentialit\u00e9 ont la m\u00eame signification que dans nos conditions g\u00e9n\u00e9rales, accessibles \u00e0 l&#8217;adresse www.guilhemlacaze.com.<\/span><\/p>&#13;\n<p><span class=\"font-175345\"><\/span><\/p><p><\/span><\/p>\n<p><span class=\"font-175345\"><\/p>\n&#13;\n<h2 class=\"wp-block-heading\"><span class=\"font-175345\">Collection and use of information<\/span><\/h2>&#13;\n<p><span class=\"font-175345\">Nous recueillons plusieurs types d&#8217;informations diff\u00e9rentes \u00e0 des fins diverses pour vous fournir et am\u00e9liorer notre service.<\/span><\/p>&#13;\n<p><span class=\"font-175345\">TYPES DE DONN\u00c9ES COLLECT\u00c9ES<\/span><\/p>&#13;\n<p><span class=\"font-175345\">Donn\u00e9es personnelles<\/span><\/p>&#13;\n<p><span class=\"font-175345\">Lors de l&#8217;utilisation de notre Service, nous pouvons vous demander de nous fournir certaines informations personnellement identifiables qui peuvent \u00eatre utilis\u00e9es pour vous contacter ou vous identifier (&#8221; Donn\u00e9es personnelles &#8220;). Les informations personnellement identifiables peuvent inclure, mais ne sont pas limit\u00e9es \u00e0 :<\/span><\/p>&#13;\n<ul><li><span class=\"font-175345\">l&#8217;adresse \u00e9lectronique<\/span><\/li>&#13;\n<li><span class=\"font-175345\">le pr\u00e9nom et le nom de famille<\/span><\/li>&#13;\n<li><span class=\"font-175345\">Cookies et donn\u00e9es d&#8217;utilisation<\/span><\/li>&#13;\n<\/ul><p><span class=\"font-175345\">Donn\u00e9es d&#8217;utilisation<\/span><\/p>&#13;\n<p><span class=\"font-175345\">Nous pouvons \u00e9galement recueillir des informations sur la mani\u00e8re dont le service est consult\u00e9 et utilis\u00e9 (&#8220;donn\u00e9es d&#8217;utilisation&#8221;). Ces donn\u00e9es d&#8217;utilisation peuvent inclure des informations telles que l&#8217;adresse de protocole Internet (par exemple, l&#8217;adresse IP) de votre ordinateur, le type de navigateur, la version du navigateur, les pages de notre service que vous visitez, l&#8217;heure et la date de votre visite, le temps pass\u00e9 sur ces pages, les identifiants uniques des appareils et d&#8217;autres donn\u00e9es de diagnostic.<\/span><\/p>&#13;\n<p><span class=\"font-175345\">Donn\u00e9es de suivi et cookies<\/span><\/p>&#13;\n<p><span class=\"font-175345\">Nous utilisons des cookies et des technologies de suivi similaires pour suivre l&#8217;activit\u00e9 sur notre Service et conserver certaines informations.<\/span><\/p>&#13;\n<p><span class=\"font-175345\">Les cookies sont des fichiers contenant une petite quantit\u00e9 de donn\u00e9es qui peuvent inclure un identifiant unique anonyme. Les cookies sont envoy\u00e9s \u00e0 votre navigateur depuis un site web et stock\u00e9s sur votre appareil. Les technologies de suivi \u00e9galement utilis\u00e9es sont les balises, les marqueurs et les scripts pour collecter et suivre les informations et pour am\u00e9liorer et analyser notre service.<\/span><\/p>&#13;\n<p><span class=\"font-175345\">Vous pouvez demander \u00e0 votre navigateur de refuser tous les cookies ou d&#8217;indiquer quand un cookie est envoy\u00e9. Toutefois, si vous n&#8217;acceptez pas les cookies, il se peut que vous ne puissiez pas utiliser certaines parties de notre Service.<\/span><\/p>&#13;\n<p><span class=\"font-175345\">Exemples de cookies que nous utilisons :<\/span><\/p>&#13;\n<ul><li><span class=\"font-175345\"><strong>Cookies de session<\/strong>. Nous utilisons des cookies de session pour faire fonctionner notre Service.<\/span><\/li>&#13;\n<li><span class=\"font-175345\"><strong>Cookies de pr\u00e9f\u00e9rence<\/strong>. Nous utilisons des cookies de pr\u00e9f\u00e9rence pour m\u00e9moriser vos pr\u00e9f\u00e9rences et divers param\u00e8tres.<\/span><\/li>&#13;\n<li><span class=\"font-175345\"><strong>Cookies de s\u00e9curit\u00e9<\/strong>. Nous utilisons des cookies de s\u00e9curit\u00e9 \u00e0 des fins de s\u00e9curit\u00e9.<\/span><\/li>&#13;\n<\/ul><p><span class=\"font-175345\"><\/span><\/p><p><\/span><\/p>\n<p><span class=\"font-175345\"><\/p>\n&#13;\n<h2 class=\"wp-block-heading\"><span class=\"font-175345\">Use of data<\/span><\/h2>&#13;\n<p><span class=\"font-175345\">Guilhem LACAZE utilise les donn\u00e9es collect\u00e9es \u00e0 des fins diverses :<\/span><\/p>&#13;\n<ul><li><span class=\"font-175345\">Pour fournir et maintenir le Servicevous informer des modifications apport\u00e9es \u00e0 notre service<\/span><\/li>&#13;\n<li><span class=\"font-175345\">vous permettre de participer aux fonctions interactives de notre service lorsque vous choisissez de le faire<\/span><\/li>&#13;\n<li><span class=\"font-175345\">fournir un service et une assistance \u00e0 la client\u00e8le<\/span><\/li>&#13;\n<li><span class=\"font-175345\">fournir une analyse ou des informations pr\u00e9cieuses afin d&#8217;am\u00e9liorer le service<\/span><\/li>&#13;\n<li><span class=\"font-175345\">surveiller l&#8217;utilisation du serviced\u00e9tecter, pr\u00e9venir et r\u00e9soudre les probl\u00e8mes techniques<\/span><\/li>&#13;\n<\/ul><p><span class=\"font-175345\"><\/span><\/p><p><\/span><\/p>\n<p><span class=\"font-175345\"><\/p>\n&#13;\n<h2 class=\"wp-block-heading\"><span class=\"font-175345\">Data transfer<\/span><\/h2>&#13;\n<p><span class=\"font-175345\">Nous sommes bas\u00e9s \u00e0 Montreux, en Suisse.<\/span><\/p>&#13;\n<p><span class=\"font-175345\">Vos informations, y compris les donn\u00e9es personnelles, peuvent \u00eatre transf\u00e9r\u00e9es vers &#8211; et conserv\u00e9es sur &#8211; des ordinateurs situ\u00e9s en dehors de votre \u00c9tat, province, pays ou autre juridiction gouvernementale o\u00f9 les lois sur la protection des donn\u00e9es peuvent diff\u00e9rer de celles de votre juridiction.<\/span><\/p>&#13;\n<p><span class=\"font-175345\">Si vous \u00eates situ\u00e9 en dehors de la Suisse et choisissez de nous fournir des informations, veuillez noter que nous transf\u00e9rons les donn\u00e9es, y compris les donn\u00e9es personnelles, en Suisse et les traitons dans ce pays.<\/span><\/p>&#13;\n<p><span class=\"font-175345\">Votre consentement \u00e0 la pr\u00e9sente politique de confidentialit\u00e9, suivi de votre soumission de ces informations, repr\u00e9sente votre accord \u00e0 ce transfert.<\/span><\/p>&#13;\n<p><span class=\"font-175345\">Guilhem LACAZE prendra toutes les mesures raisonnablement n\u00e9cessaires pour s&#8217;assurer que vos donn\u00e9es sont trait\u00e9es en toute s\u00e9curit\u00e9 et conform\u00e9ment \u00e0 la pr\u00e9sente Politique de confidentialit\u00e9 et aucun transfert de vos Donn\u00e9es personnelles n&#8217;aura lieu vers une organisation ou un pays \u00e0 moins qu&#8217;il n&#8217;existe des contr\u00f4les ad\u00e9quats en place, y compris la s\u00e9curit\u00e9 de vos donn\u00e9es et autres informations personnelles.<\/span><\/p>&#13;\n<p><span class=\"font-175345\"><\/span><\/p><p><\/span><\/p>\n<p><span class=\"font-175345\"><\/p>\n&#13;\n<h2 class=\"wp-block-heading\"><span class=\"font-175345\">Disclosure of data<\/span><\/h2>&#13;\n<p><span class=\"font-175345\">Exigences l\u00e9gales : Guilhem LACAZE peut divulguer vos donn\u00e9es personnelles en croyant de bonne foi qu&#8217;une telle action est n\u00e9cessaire pour :<\/span><\/p>&#13;\n<ul><li><span class=\"font-175345\">Se conformer \u00e0 une obligation l\u00e9gale<\/span><\/li>&#13;\n<li><span class=\"font-175345\">prot\u00e9ger et d\u00e9fendre les droits ou la propri\u00e9t\u00e9 du BLOG de Guilhem LACAZE<\/span><\/li>&#13;\n<li><span class=\"font-175345\">pr\u00e9venir ou enqu\u00eater sur d&#8217;\u00e9ventuels actes r\u00e9pr\u00e9hensibles en rapport avec le Service<\/span><\/li>&#13;\n<li><span class=\"font-175345\">prot\u00e9ger la s\u00e9curit\u00e9 personnelle des utilisateurs du Service ou du public<\/span><\/li>&#13;\n<li><span class=\"font-175345\">se prot\u00e9ger contre toute responsabilit\u00e9 l\u00e9gale<\/span><\/li>&#13;\n<\/ul><p><span class=\"font-175345\"><\/span><\/p><p><\/span><\/p>\n<p><span class=\"font-175345\"><\/p>\n&#13;\n<h2 class=\"wp-block-heading\"><span class=\"font-175345\">Data security<\/span><\/h2>&#13;\n<p><span class=\"font-175345\">Rien n&#8217;est plus important pour nous que la s\u00e9curit\u00e9 de vos donn\u00e9es.<\/span><\/p>&#13;\n<p><span class=\"font-175345\">La s\u00e9curit\u00e9 de vos donn\u00e9es est importante pour nous, mais n&#8217;oubliez pas qu&#8217;aucune m\u00e9thode de transmission sur Internet, ni aucune m\u00e9thode de stockage \u00e9lectronique n&#8217;est s\u00fbre \u00e0 100 %. Bien que nous nous efforcions d&#8217;utiliser des moyens commercialement acceptables pour prot\u00e9ger vos donn\u00e9es personnelles, nous ne pouvons pas garantir leur s\u00e9curit\u00e9 absolue.<\/span><\/p>&#13;\n<p><span class=\"font-175345\"><\/span><\/p><p><\/span><\/p>\n<p><span class=\"font-175345\"><\/p>\n&#13;\n<h2 class=\"wp-block-heading\"><span class=\"font-175345\">Service providers<\/span><\/h2>&#13;\n<p><span class=\"font-175345\">Nous pouvons employer des soci\u00e9t\u00e9s et des personnes tierces pour faciliter notre service (les &#8220;prestataires de services&#8221;), pour fournir le service en notre nom, pour ex\u00e9cuter des services li\u00e9s au service ou pour nous aider \u00e0 analyser la fa\u00e7on dont notre service est utilis\u00e9.<\/span><\/p>&#13;\n<p><span class=\"font-175345\">Ces tiers ont acc\u00e8s \u00e0 vos Donn\u00e9es Personnelles uniquement pour effectuer ces t\u00e2ches en notre nom et sont tenus de ne pas les divulguer ou les utiliser \u00e0 d&#8217;autres fins.<\/span><\/p>&#13;\n<p><span class=\"font-175345\">ANALYTIQUE<\/span><\/p>&#13;\n<p><span class=\"font-175345\">Nous pouvons faire appel \u00e0 des prestataires de services tiers pour surveiller et analyser l&#8217;utilisation de notre Service.<\/span><\/p>&#13;\n<p><span class=\"font-175345\"><strong>Google Analytics<\/strong> : Google Analytics est un service d&#8217;analyse Web propos\u00e9 par Google qui permet de suivre et de signaler le trafic sur les sites Web. Google utilise les donn\u00e9es collect\u00e9es pour suivre et contr\u00f4ler l&#8217;utilisation de notre service. Ces donn\u00e9es sont partag\u00e9es avec d&#8217;autres services de Google. Google peut utiliser les donn\u00e9es collect\u00e9es pour contextualiser et personnaliser les annonces de son propre r\u00e9seau publicitaire. Vous pouvez d\u00e9sactiver la mise \u00e0 disposition de votre activit\u00e9 sur le Service \u00e0 Google Analytics en installant le module compl\u00e9mentaire de navigateur pour la d\u00e9sactivation de Google Analytics. Ce module compl\u00e9mentaire emp\u00eache le JavaScript de Google Analytics (ga.js, analytics.js et dc.js) de partager avec Google Analytics des informations sur l&#8217;activit\u00e9 des visites.<\/span><\/p>&#13;\n<p><span class=\"font-175345\">Pour plus d&#8217;informations sur les pratiques de Google en mati\u00e8re de confidentialit\u00e9, veuillez consulter la page Web de Google consacr\u00e9e \u00e0 la confidentialit\u00e9 et aux conditions d&#8217;utilisation : <a href=\"https:\/\/policies.google.com\/privacy?hl=en\" target=\"_blank\" rel=\"noopener\">https:\/\/policies.google.com\/privacy?hl=en<\/a>.<\/span><\/p>&#13;\n<p><span class=\"font-175345\"><\/span><\/p><p><\/span><\/p>\n<p><span class=\"font-175345\"><\/p>\n&#13;\n<h2 class=\"wp-block-heading\"><span class=\"font-175345\">Links to other websites<\/span><\/h2>&#13;\n<p><span class=\"font-175345\">Nous vous conseillons vivement de consulter la politique de confidentialit\u00e9 de chaque site que vous visitez.<\/span><\/p>&#13;\n<p><span class=\"font-175345\">Notre service peut contenir des liens vers d&#8217;autres sites qui ne sont pas exploit\u00e9s par nous. Si vous cliquez sur un lien tiers, vous serez dirig\u00e9 vers le site de ce tiers. Nous vous conseillons vivement d&#8217;examiner la politique de confidentialit\u00e9 de chaque site que vous visitez.<\/span><\/p>&#13;\n<p><span class=\"font-175345\">Nous n&#8217;avons aucun contr\u00f4le et n&#8217;assumons aucune responsabilit\u00e9 quant au contenu, aux politiques de confidentialit\u00e9 ou aux pratiques de tout site ou service tiers.<\/span><\/p>&#13;\n<p><span class=\"font-175345\"><\/span><\/p><p><\/span><\/p>\n<p><span class=\"font-175345\"><\/p>\n&#13;\n<h2 class=\"wp-block-heading\"><span class=\"font-175345\">Children&#8217;s privacy<\/span><\/h2>&#13;\n<p><span class=\"font-175345\">Notre service ne s&#8217;adresse pas aux personnes \u00e2g\u00e9es de moins de 18 ans (les &#8220;enfants&#8221;).<\/span><\/p>&#13;\n<p><span class=\"font-175345\">Nous ne recueillons pas sciemment des informations personnellement identifiables aupr\u00e8s de personnes \u00e2g\u00e9es de moins de 18 ans. Si vous \u00eates un parent ou un tuteur et que vous savez que votre enfant nous a fourni des donn\u00e9es personnelles, veuillez nous contacter. Si nous apprenons que nous avons recueilli des donn\u00e9es personnelles aupr\u00e8s d&#8217;enfants sans v\u00e9rification du consentement parental, nous prenons des mesures pour supprimer ces informations de nos serveurs.<\/span><\/p>&#13;\n<h2><span class=\"font-175345\">Changes to this Privacy Policy<\/span><\/h2>&#13;\n<p><span class=\"font-175345\">Nous vous informerons de toute modification en publiant la nouvelle politique de confidentialit\u00e9 sur cette page.<\/span><\/p>&#13;\n<p><span class=\"font-175345\">Nous pouvons mettre \u00e0 jour notre politique de confidentialit\u00e9 de temps \u00e0 autre. Nous vous informerons de toute modification en publiant la nouvelle politique de confidentialit\u00e9 sur cette page.<\/span><\/p>&#13;\n<p><span class=\"font-175345\">Nous vous informerons par courrier \u00e9lectronique et\/ou par un avis bien visible sur notre Service, avant que la modification ne prenne effet et nous mettrons \u00e0 jour la &#8220;date d&#8217;entr\u00e9e en vigueur&#8221; en haut de la pr\u00e9sente Politique de confidentialit\u00e9.<\/span><\/p>&#13;\n<p><span class=\"font-175345\">Nous vous conseillons de consulter r\u00e9guli\u00e8rement la pr\u00e9sente politique de confidentialit\u00e9 pour prendre connaissance des modifications \u00e9ventuelles. Les modifications apport\u00e9es \u00e0 la pr\u00e9sente politique de confidentialit\u00e9 entrent en vigueur lorsqu&#8217;elles sont publi\u00e9es sur cette page.<\/span><\/p>&#13;\n<h2><span class=\"font-175345 font-202503\">Contact us<\/span><\/h2>&#13;\n<p><span class=\"font-175345\">Concernant notre politique de confidentialit\u00e9.<\/span><\/p>&#13;\n<p><span class=\"font-175345\">Si vous avez des questions sur cette politique de confidentialit\u00e9, veuillez nous contacter :<\/span><\/p>&#13;\n<p><span class=\"font-175345\">Par courrier \u00e9lectronique : hello@guilhemlacaze.com<\/span><\/p>&#13;\n<p><span class=\"font-175345\"><\/span><\/p><p><\/span><\/p>\n<p>&nbsp;<\/p>\n<p>[\/vc_column_text][\/vc_column][\/vc_row]<\/p>\n<\/div>","protected":false},"excerpt":{"rendered":"<p>[vc_row][vc_column][vc_column_text uncode_shortcode_id=&#8221;141990&#8243;] &#13; Who are we? &#13; Guilhem LACAZE (&#8220;nous&#8221;, &#8220;notre&#8221;, ou &#8220;nos&#8221;) exploite le site web www.guilhemlacaze.com (le &#8220;Service&#8221;). [&hellip;]<\/p>\n","protected":false},"author":1,"featured_media":89867,"parent":0,"menu_order":0,"comment_status":"closed","ping_status":"closed","template":"","meta":{"footnotes":""},"class_list":["post-89895","page","type-page","status-publish","has-post-thumbnail","hentry"],"_links":{"self":[{"href":"https:\/\/guilhemlacaze.com\/en\/wp-json\/wp\/v2\/pages\/89895","targetHints":{"allow":["GET"]}}],"collection":[{"href":"https:\/\/guilhemlacaze.com\/en\/wp-json\/wp\/v2\/pages"}],"about":[{"href":"https:\/\/guilhemlacaze.com\/en\/wp-json\/wp\/v2\/types\/page"}],"author":[{"embeddable":true,"href":"https:\/\/guilhemlacaze.com\/en\/wp-json\/wp\/v2\/users\/1"}],"replies":[{"embeddable":true,"href":"https:\/\/guilhemlacaze.com\/en\/wp-json\/wp\/v2\/comments?post=89895"}],"version-history":[{"count":0,"href":"https:\/\/guilhemlacaze.com\/en\/wp-json\/wp\/v2\/pages\/89895\/revisions"}],"wp:featuredmedia":[{"embeddable":true,"href":"https:\/\/guilhemlacaze.com\/en\/wp-json\/wp\/v2\/media\/89867"}],"wp:attachment":[{"href":"https:\/\/guilhemlacaze.com\/en\/wp-json\/wp\/v2\/media?parent=89895"}],"curies":[{"name":"wp","href":"https:\/\/api.w.org\/{rel}","templated":true}]}}